{"id":218,"date":"2017-08-02T23:33:28","date_gmt":"2017-08-02T21:33:28","guid":{"rendered":"https:\/\/lehramt-salzburg.at\/oeh-phs\/?page_id=218"},"modified":"2026-03-17T16:35:38","modified_gmt":"2026-03-17T15:35:38","slug":"servicezeiten","status":"publish","type":"page","link":"https:\/\/lehramt-salzburg.at\/oeh-phs\/service\/servicezeiten\/","title":{"rendered":"Servicezeiten"},"content":{"rendered":"<p><strong>Warum vorbeikommen, wenn es auch einfacher geht?<\/strong><\/p>\n<p><strong>Ganz einfach:<\/strong><\/p>\n<ol>\n<li>Viele Dinge lassen sich <strong>pers\u00f6nlich <\/strong>einfach schneller kl\u00e4ren<\/li>\n<li>Wir haben <strong>Kaffee <\/strong>f\u00fcr Euch (&#8230; und manchmal auch Obst und S\u00fc\u00dfkram)*<\/li>\n<\/ol>\n<p>W\u00e4hrend unserer Servicezeiten k\u00f6nnt ihr also\u00a0gerne bei uns im B\u00fcro vorbeikommen!<\/p>\n<p>Solltet ihr dringende Anliegen haben, k\u00f6nnen wir gerne Einzeltermine finden, oder ihr meldet Euch einfach per <a href=\"http:\/\/www.oeh-phsalzburg.at\/service\/kontakt\" target=\"_self\" rel=\"noopener\">Mail oder Facebook<\/a> bei uns.<\/p>\n\n\n<p>* Coronaregeln machen manche Angebote schwierig<\/p>\n","protected":false},"excerpt":{"rendered":"<p>Warum vorbeikommen, wenn es auch einfacher geht? Ganz einfach: Viele Dinge lassen sich pers\u00f6nlich einfach schneller kl\u00e4ren Wir haben Kaffee f\u00fcr Euch (&#8230; und manchmal auch Obst und S\u00fc\u00dfkram)* W\u00e4hrend unserer Servicezeiten k\u00f6nnt ihr also\u00a0gerne bei uns im B\u00fcro vorbeikommen! Solltet ihr dringende Anliegen haben, k\u00f6nnen wir gerne Einzeltermine finden, oder ihr meldet Euch einfach [&hellip;]<\/p>\n","protected":false},"author":1,"featured_media":0,"parent":216,"menu_order":0,"comment_status":"closed","ping_status":"closed","template":"","meta":{"jetpack_post_was_ever_published":false,"tdm_status":"","tdm_grid_status":"","footnotes":""},"class_list":["post-218","page","type-page","status-publish"],"jetpack_sharing_enabled":true,"jetpack_shortlink":"https:\/\/wp.me\/P92EUo-3w","_links":{"self":[{"href":"https:\/\/lehramt-salzburg.at\/oeh-phs\/wp-json\/wp\/v2\/pages\/218","targetHints":{"allow":["GET"]}}],"collection":[{"href":"https:\/\/lehramt-salzburg.at\/oeh-phs\/wp-json\/wp\/v2\/pages"}],"about":[{"href":"https:\/\/lehramt-salzburg.at\/oeh-phs\/wp-json\/wp\/v2\/types\/page"}],"author":[{"embeddable":true,"href":"https:\/\/lehramt-salzburg.at\/oeh-phs\/wp-json\/wp\/v2\/users\/1"}],"replies":[{"embeddable":true,"href":"https:\/\/lehramt-salzburg.at\/oeh-phs\/wp-json\/wp\/v2\/comments?post=218"}],"version-history":[{"count":6,"href":"https:\/\/lehramt-salzburg.at\/oeh-phs\/wp-json\/wp\/v2\/pages\/218\/revisions"}],"predecessor-version":[{"id":2769,"href":"https:\/\/lehramt-salzburg.at\/oeh-phs\/wp-json\/wp\/v2\/pages\/218\/revisions\/2769"}],"up":[{"embeddable":true,"href":"https:\/\/lehramt-salzburg.at\/oeh-phs\/wp-json\/wp\/v2\/pages\/216"}],"wp:attachment":[{"href":"https:\/\/lehramt-salzburg.at\/oeh-phs\/wp-json\/wp\/v2\/media?parent=218"}],"curies":[{"name":"wp","href":"https:\/\/api.w.org\/{rel}","templated":true}]}}