{"id":220,"date":"2017-08-02T23:34:21","date_gmt":"2017-08-02T21:34:21","guid":{"rendered":"https:\/\/lehramt-salzburg.at\/oeh-phs\/?page_id=220"},"modified":"2026-03-17T18:11:20","modified_gmt":"2026-03-17T17:11:20","slug":"rechtsinformationen","status":"publish","type":"page","link":"https:\/\/lehramt-salzburg.at\/oeh-phs\/service\/rechtsinformationen\/","title":{"rendered":"Rechtsinformationen"},"content":{"rendered":"\n<h3 class=\"wp-block-heading\"><strong>Formulare<\/strong><\/h3>\n\n\n\n<p><a href=\"https:\/\/lehramt-salzburg.at\/oeh-phs\/wp-content\/uploads\/sites\/2\/2025\/10\/PH-RA-KFZ-2025-PH-Salzburg.pdf\">KFZ Refundierung<\/a><\/p>\n\n\n\n<p><a href=\"https:\/\/lehramt-salzburg.at\/oeh-phs\/wp-content\/uploads\/sites\/2\/2025\/10\/Refundierungsantrag-PH-Salzburg-012018-3.pdf\">Refundierung bereits bezahlter Rechnungen<\/a><\/p>\n\n\n\n<p><a href=\"https:\/\/lehramt-salzburg.at\/oeh-phs\/wp-content\/uploads\/sites\/2\/2025\/10\/Antrag-bezahlung-offener-Rechnungen-PH-012018-2.pdf\">\u00dcberweisung offener Rechnungen<\/a><\/p>\n\n\n\n<h3 class=\"wp-block-heading\"><strong>Satzung der \u00d6H PH Salzburg<\/strong><\/h3>\n\n\n\n<p><a href=\"https:\/\/lehramt-salzburg.at\/oeh-phs\/wp-content\/uploads\/sites\/2\/2022\/07\/AV-Satzung-HV-PH-Salzburg-final-Mai-2022.pdf\">Satzung der \u00d6H PH Salzburg (Stand: 19.05.2022) (veraltet)<\/a><\/p>\n\n\n\n<p><a href=\"https:\/\/lehramt-salzburg.at\/oeh-phs\/wp-content\/uploads\/sites\/2\/2023\/07\/AV-Satzung-HV-PH-Salzburg-final-Juni-2023.pdf\">Satzung der \u00d6H PH Salzburg (Stand: 30.06.2023) (veraltet)<\/a><\/p>\n\n\n\n<p><a href=\"https:\/\/lehramt-salzburg.at\/oeh-phs\/wp-content\/uploads\/sites\/2\/2025\/11\/SATZUNG-der-OeH-HV-PH-Salzburg-Ueberarbeitung-NEU-November-2025-beschlossen.pdf\">Satzung der \u00d6H PH Salzburg (Stand: 07.11.2025) (aktuell)<\/a><\/p>\n\n\n\n<h3 class=\"wp-block-heading\"><strong>Finanzgebarung \u00d6H PH Salzburg<\/strong><\/h3>\n\n\n\n<p><a href=\"https:\/\/lehramt-salzburg.at\/oeh-phs\/wp-content\/uploads\/sites\/2\/2025\/11\/Finanzgebaren-07.11.2025-beschlossen.pdf\">Finanzgebarung der \u00d6H PH Salzburg (Stand: 07.11.2025) (aktuell)<\/a><\/p>\n\n\n\n<h3 class=\"wp-block-heading\"><strong>Protokolle aller Sitzungen 2025\/26<\/strong><\/h3>\n\n\n\n<p><a href=\"https:\/\/lehramt-salzburg.at\/oeh-phs\/wp-content\/uploads\/sites\/2\/2026\/03\/Protokoll-1.-OS-WS25-07.11.2025.pdf\">1. ordentliche Sitzung im WiSe 2025\/26<\/a><\/p>\n\n\n\n<p><a href=\"https:\/\/lehramt-salzburg.at\/oeh-phs\/wp-content\/uploads\/sites\/2\/2026\/03\/Protokoll-2.-OS-WS25-HV-28.01.2026.pdf\">2. ordentliche Sitzung im WiSe 2025\/26<\/a><\/p>\n\n\n\n<p><a href=\"https:\/\/lehramt-salzburg.at\/oeh-phs\/wp-content\/uploads\/sites\/2\/2026\/03\/Protokoll-1.-AOS-WS25-05.03.2026.pdf\">1. au\u00dferordentliche Sitzung im WiSe 2025\/26<\/a><\/p>\n\n\n\n<h3 class=\"wp-block-heading\"><strong>Protokolle aller Sitzungen 2024\/25<\/strong><\/h3>\n\n\n\n<p><a href=\"https:\/\/lehramt-salzburg.at\/oeh-phs\/wp-content\/uploads\/sites\/2\/2026\/01\/1OS_SoSe25_PR-HV.pdf\">1. ordentliche Sitzung im SoSe 2025<\/a><\/p>\n\n\n\n<p><a href=\"https:\/\/lehramt-salzburg.at\/oeh-phs\/wp-content\/uploads\/sites\/2\/2026\/03\/Protokoll-2.OS-SS25-HV-30.06.2025.pdf\">2. ordentliche Sitzung im SoSe 2025<\/a><\/p>\n\n\n\n<h3 class=\"wp-block-heading\"><strong>Protokolle aller Sitzungen 2023\/24<\/strong><\/h3>\n\n\n\n<p><a href=\"https:\/\/lehramt-salzburg.at\/oeh-phs\/wp-content\/uploads\/sites\/2\/2023\/07\/Verlautbarungen_Konstituierung_HV_STV_Prim_STV_Sek_20230630.pdf\">Verlautbarung der Konstituierung 2023<\/a><\/p>\n\n\n\n<p><a href=\"https:\/\/lehramt-salzburg.at\/oeh-phs\/wp-content\/uploads\/sites\/2\/2025\/10\/1.-PR_OS-23_24-HV2.docx\">1. ordentliche Sitzung im WS 2023\/24<\/a><\/p>\n\n\n\n<p><a href=\"https:\/\/lehramt-salzburg.at\/oeh-phs\/wp-content\/uploads\/sites\/2\/2025\/10\/2.-PR_OS-23_24-HV2.docx\">2. ordentliche Sitzung im WS 2023\/24<\/a><\/p>\n\n\n\n<p><a href=\"https:\/\/lehramt-salzburg.at\/oeh-phs\/wp-content\/uploads\/sites\/2\/2025\/10\/1.OS_SS24_PR-HV.pdf\">1. ordentliche Sitzung im SoSe 2024<\/a><\/p>\n\n\n\n<p><a href=\"https:\/\/lehramt-salzburg.at\/oeh-phs\/wp-content\/uploads\/sites\/2\/2025\/10\/2.OS_SS24_PR-HV.pdf\">2. ordentliche Sitzung im SoSe 2024<\/a><\/p>\n\n\n\n<h3 class=\"wp-block-heading\"><strong>Protokolle aller Sitzungen 2022\/23<\/strong><\/h3>\n\n\n\n<p><a href=\"https:\/\/lehramt-salzburg.at\/oeh-phs\/wp-content\/uploads\/sites\/2\/2023\/07\/1.OS_WS22_PR_HV-.pdf\">1. ordentliche Sitzung im WS 2022\/23<\/a><\/p>\n\n\n\n<p><a href=\"https:\/\/lehramt-salzburg.at\/oeh-phs\/wp-content\/uploads\/sites\/2\/2023\/07\/2.OS_WS22_PR-HV.pdf\">2. ordentliche Sitzung im WS 2022\/23<\/a><\/p>\n\n\n\n<p><a href=\"https:\/\/lehramt-salzburg.at\/oeh-phs\/wp-content\/uploads\/sites\/2\/2023\/07\/1.OS_SS23_PR-HV.pdf\">1. ordentliche Sitzung im SoSe 2023<\/a><\/p>\n\n\n\n<p><a href=\"https:\/\/lehramt-salzburg.at\/oeh-phs\/wp-content\/uploads\/sites\/2\/2023\/07\/2.OS_SS23_PR-HV.pdf\">2. ordentliche Sitzung im SoSe 2023<\/a><\/p>\n\n\n\n<h3 class=\"wp-block-heading\"><strong>Protokolle aller Sitzungen 2021\/22<\/strong><\/h3>\n\n\n\n<p><a href=\"https:\/\/lehramt-salzburg.at\/oeh-phs\/wp-content\/uploads\/sites\/2\/2022\/05\/Protokoll-1-o-HV-Sitzung-im-WS-21_2211-Kopie.pdf\">1. ordentliche Sitzung im WS 2021\/22<\/a><\/p>\n\n\n\n<p><a href=\"https:\/\/lehramt-salzburg.at\/oeh-phs\/wp-content\/uploads\/sites\/2\/2022\/05\/2.OS_WS21_22HV.pdf\">2. ordentliche Sitzung im WS 2021\/22<\/a><\/p>\n\n\n\n<p><a href=\"https:\/\/lehramt-salzburg.at\/oeh-phs\/wp-content\/uploads\/sites\/2\/2022\/07\/1.OS_SS22_PR-HV.pdf\">1. ordentliche Sitzung im SoSe 2022<\/a><\/p>\n\n\n\n<p><a href=\"https:\/\/lehramt-salzburg.at\/oeh-phs\/wp-content\/uploads\/sites\/2\/2022\/07\/1.AOS_SS22_PR-HV.pdf\">1. au\u00dferordentliche Sitzung im SoSe 2022<\/a><\/p>\n\n\n\n<p><a href=\"https:\/\/lehramt-salzburg.at\/oeh-phs\/wp-content\/uploads\/sites\/2\/2023\/07\/2.OS_SS22-HV.pdf\">2. ordentliche Sitzung im SoSe 2022<\/a><\/p>\n\n\n\n<h3 class=\"wp-block-heading\"><strong>Protokolle aller Sitzungen 2020\/21<\/strong><\/h3>\n\n\n\n<p><a href=\"https:\/\/lehramt-salzburg.at\/oeh-phs\/wp-content\/uploads\/sites\/2\/2021\/06\/1.OS_WS20_21-PR-HV-1.pdf\">1. ordentliche Sitzung im WS 2020\/21<\/a><\/p>\n\n\n\n<p><a href=\"https:\/\/lehramt-salzburg.at\/oeh-phs\/wp-content\/uploads\/sites\/2\/2021\/06\/1.AOS_WS20_21-PR-HV.pdf\">1. au\u00dferordentliche Sitzung im WS 2020\/21<\/a><\/p>\n\n\n\n<p><a href=\"https:\/\/lehramt-salzburg.at\/oeh-phs\/wp-content\/uploads\/sites\/2\/2021\/06\/2.OS_WS20_21-PR-HV-1.pdf\">2. ordentliche Sitzung im WS 2020\/21<\/a><\/p>\n\n\n\n<p><a href=\"https:\/\/lehramt-salzburg.at\/oeh-phs\/wp-content\/uploads\/sites\/2\/2021\/12\/2.AOS_WS20_21-PR-HV.pdf\">2. au\u00dferordentliche Sitzung im WS 2020\/21<\/a><\/p>\n\n\n\n<p><a href=\"https:\/\/lehramt-salzburg.at\/oeh-phs\/wp-content\/uploads\/sites\/2\/2021\/12\/1.OS_SS21-PR-HV.pdf\">1. ordentliche Sitzung im SoSe 2021<\/a><\/p>\n\n\n\n<h3 class=\"wp-block-heading\"><strong>Protokolle aller Sitzungen 2019\/20<\/strong><\/h3>\n\n\n\n<p><a href=\"https:\/\/lehramt-salzburg.at\/oeh-phs\/wp-content\/uploads\/sites\/2\/2020\/11\/1.OS_WS1920-PR-HV.pdf\">1. ordentliche Sitzung im WS 2019\/20<\/a><\/p>\n\n\n\n<p><a href=\"https:\/\/lehramt-salzburg.at\/oeh-phs\/wp-content\/uploads\/sites\/2\/2020\/11\/2.OS_WS1920_PR.pdf\">2. ordentliche Sitzung im WS 2019\/20<\/a><\/p>\n\n\n\n<p><a href=\"https:\/\/lehramt-salzburg.at\/oeh-phs\/wp-content\/uploads\/sites\/2\/2021\/06\/1.OS_SS20-PR-HV1.pdf\">1. ordentliche Sitzung im SoSe 2020<\/a><\/p>\n\n\n\n<p><a href=\"https:\/\/lehramt-salzburg.at\/oeh-phs\/wp-content\/uploads\/sites\/2\/2021\/06\/2.OS_SS20-Protokoll.pdf\">2. ordentliche Sitzung im SoSe 2020<\/a><\/p>\n\n\n\n<h3 class=\"wp-block-heading\"><strong>Protokolle aller Sitzungen 2018\/19<\/strong><\/h3>\n\n\n\n<p><a href=\"https:\/\/lehramt-salzburg.at\/oeh-phs\/wp-content\/uploads\/sites\/2\/2019\/05\/1.OS_WS-18_19-Protokoll-FV.pdf\">1. ordentliche Sitzung im WS 2018\/19<\/a><\/p>\n\n\n\n<p><a href=\"https:\/\/lehramt-salzburg.at\/oeh-phs\/wp-content\/uploads\/sites\/2\/2019\/05\/2.OS_W-18_19-Protokoll.pdf\">2. ordentliche Sitzung im WS 2018\/19<\/a><\/p>\n\n\n\n<p><a href=\"https:\/\/lehramt-salzburg.at\/oeh-phs\/wp-content\/uploads\/sites\/2\/2019\/05\/1.OS_SS-19-Protokoll.pdf\">1. ordentliche Sitzung im SoSe 2019<\/a><\/p>\n\n\n\n<p><a href=\"https:\/\/lehramt-salzburg.at\/oeh-phs\/wp-content\/uploads\/sites\/2\/2019\/05\/Protokoll-der-1.-ao-Sitzung-SoSe19.pdf\">1. au\u00dferordentliche Sitzung im SoSe 2019<\/a><\/p>\n\n\n\n<p><a href=\"https:\/\/lehramt-salzburg.at\/oeh-phs\/wp-content\/uploads\/sites\/2\/2021\/06\/2.OS_SS-19-Protokoll.pdf\">2. ordentliche Sitzung im SoSe 2019<\/a><\/p>\n\n\n\n<h3 class=\"wp-block-heading\"><strong>Protokolle aller Sitzungen 2017\/18<\/strong><\/h3>\n\n\n\n<p><a href=\"https:\/\/lehramt-salzburg.at\/oeh-phs\/wp-content\/uploads\/sites\/2\/2017\/08\/1.-ordentliche-Sitzung-im-WS-201718.pdf\">1. ordentliche Sitzung im WS 2017\/18<\/a><\/p>\n\n\n\n<p><a href=\"https:\/\/lehramt-salzburg.at\/oeh-phs\/wp-content\/uploads\/sites\/2\/2018\/01\/Protokoll-der-2.-Sitzung-im-WS-2017_18.pdf\">2. ordentliche Sitzung im WS 2017\/18<\/a><\/p>\n\n\n\n<p><a href=\"https:\/\/lehramt-salzburg.at\/oeh-phs\/wp-content\/uploads\/sites\/2\/2018\/04\/Protokoll-der-3.-ordentlichen-Sitzung.pdf\">3. ordentliche Sitzung im WS 2017\/18<\/a><\/p>\n\n\n\n<p><a href=\"https:\/\/lehramt-salzburg.at\/oeh-phs\/wp-content\/uploads\/sites\/2\/2018\/01\/4.-o.-Sitzung-der-HV-PH-Salzburg-WS-2017-18.pdf\">4. ordentliche Sitzung im WS 2017\/18<\/a><\/p>\n\n\n\n<p><a href=\"https:\/\/lehramt-salzburg.at\/oeh-phs\/wp-content\/uploads\/sites\/2\/2018\/01\/5.-ordentliche-Sitzung-im-WS-HV-PH.pdf\">5. ordentliche Sitzung im WS 2017\/18<\/a><\/p>\n\n\n\n<p><a href=\"https:\/\/lehramt-salzburg.at\/oeh-phs\/wp-content\/uploads\/sites\/2\/2018\/03\/1.-au\u00dferordentliche-Sitzung-im-WS-HV-PH.pdf\">1. au\u00dferordentliche Sitzung im WS 2017\/18<\/a><\/p>\n\n\n\n<p><a href=\"https:\/\/lehramt-salzburg.at\/oeh-phs\/wp-content\/uploads\/sites\/2\/2019\/06\/1.-ordentliche-Sitzung-im-SoSe-18-HV-PH.pdf\">1. ordentliche Sitzung im SoSe 2018<\/a><\/p>\n\n\n\n<p><a href=\"https:\/\/lehramt-salzburg.at\/oeh-phs\/wp-content\/uploads\/sites\/2\/2019\/06\/2.-ordentliche-Sitzung-im-SoSe-18-HV-PH.pdf\">2. ordentliche Sitzung im SoSe 2018<\/a><\/p>\n\n\n\n<h3 class=\"wp-block-heading\"><strong>Jahresvoranschlag<\/strong><\/h3>\n\n\n\n<p><a href=\"https:\/\/phsalzburg-my.sharepoint.com\/personal\/vorsitz-hv_phsalzburg_ac_at\/_layouts\/15\/guestaccess.aspx?docid=0950688b7b27f49549df23da2ba19002c&amp;authkey=AQ-mwZrGOdB7mRMS1GU0e0g\" target=\"_blank\" rel=\"noopener noreferrer\">Wirtschaftsjahr 2016\/17<\/a><\/p>\n\n\n\n<p><a href=\"https:\/\/lehramt-salzburg.at\/oeh-phs\/wp-content\/uploads\/sites\/2\/2017\/08\/JVA-2017-18-\u00d6H-PH-Salzburg-signed-beschlossen.pdf\">Wirtschaftsjahr 2017\/18<\/a><\/p>\n\n\n\n<p><a href=\"https:\/\/lehramt-salzburg.at\/oeh-phs\/wp-content\/uploads\/sites\/2\/2018\/01\/JVA-Stand-11122017.pdf\">Wirtschaftsjahr 2017\/18 (g\u00fcltig ab 11.12.2017)<\/a><\/p>\n\n\n\n<p><a href=\"https:\/\/lehramt-salzburg.at\/oeh-phs\/wp-content\/uploads\/sites\/2\/2018\/04\/JVA-Stand-01042018-beschlossen.pdf\">Wirtschaftsjahr 2017\/18 (g\u00fcltig ab 15.04.2018)<\/a><\/p>\n\n\n\n<p><a href=\"https:\/\/lehramt-salzburg.at\/oeh-phs\/wp-content\/uploads\/sites\/2\/2019\/05\/JVA-v1-2018-19.pdf\">Wirtschaftsjahr 2018\/19 (g\u00fcltig ab 01.07.2018)<\/a><\/p>\n\n\n\n<p><a href=\"https:\/\/lehramt-salzburg.at\/oeh-phs\/wp-content\/uploads\/sites\/2\/2019\/05\/JVA-v2-2018-19.pdf\">Wirtschaftsjahr 2018\/19 (g\u00fcltig ab 18.03.2019)<\/a><\/p>\n\n\n\n<p><a href=\"https:\/\/lehramt-salzburg.at\/oeh-phs\/wp-content\/uploads\/sites\/2\/2020\/01\/JVA-19-20-v1.pdf\">Wirtschaftsjahr 2019\/20 (g\u00fcltig ab 01.07.2019)<\/a><\/p>\n\n\n\n<p><a href=\"https:\/\/lehramt-salzburg.at\/oeh-phs\/wp-content\/uploads\/sites\/2\/2020\/06\/JVA20_21.pdf\">Wirtschaftsjahr 2020\/21 (g\u00fcltig ab 01.07.2020)<\/a><\/p>\n\n\n\n<p><a href=\"https:\/\/lehramt-salzburg.at\/oeh-phs\/wp-content\/uploads\/sites\/2\/2021\/06\/JVA2020_21_finalversion-1-1.pdf\">Wirtschaftsjahr 2020\/21 (Erstauflage 11.06.2021)<\/a><\/p>\n\n\n\n<p><a href=\"https:\/\/lehramt-salzburg.at\/oeh-phs\/wp-content\/uploads\/sites\/2\/2021\/06\/JVA_2021_22-2.pdf\">Wirtschaftsjahr 2021\/22 (Erstauflage 01.06.2021)<\/a><\/p>\n\n\n\n<p>Wirtschaftsjahr 2021\/22 (g\u00fcltig ab 30.06.2022)<\/p>\n\n\n\n<p><a href=\"https:\/\/lehramt-salzburg.at\/oeh-phs\/wp-content\/uploads\/sites\/2\/2025\/10\/JVA22_23_30.6.23.pdf\">Wirtschaftsjahr 2022\/23 (g\u00fcltig ab 30.06.2023)<\/a><\/p>\n\n\n\n<p><a href=\"https:\/\/lehramt-salzburg.at\/oeh-phs\/wp-content\/uploads\/sites\/2\/2022\/07\/JVA-NEU-22_23.pdf\">Wirtschaftsjahr 2022\/23 (Erstauflage 01.06.2022)<\/a><\/p>\n\n\n\n<p><a href=\"https:\/\/lehramt-salzburg.at\/oeh-phs\/wp-content\/uploads\/sites\/2\/2023\/06\/JVA-23-24-V1.pdf\">Wirtschaftsjahr 2023\/24 (Erstauflage 01.06.2023)<\/a><\/p>\n\n\n\n<p><a href=\"https:\/\/lehramt-salzburg.at\/oeh-phs\/wp-content\/uploads\/sites\/2\/2025\/10\/JVA23_24-Endversion.pdf\">Wirtschaftsjahr 2023\/24 (g\u00fcltig ab 26.06.2024)<\/a><\/p>\n\n\n\n<p><a href=\"https:\/\/lehramt-salzburg.at\/oeh-phs\/wp-content\/uploads\/sites\/2\/2025\/10\/JVA_24_25-Erstversion.pdf\">Wirtschaftsjahr 2024\/25 (Erstauflage 01.06.2024)<\/a><\/p>\n\n\n\n<p><a href=\"https:\/\/lehramt-salzburg.at\/oeh-phs\/wp-content\/uploads\/sites\/2\/2025\/10\/Jahresvoranschlag_2526_pdf.pdf\">Wirtschaftsjahr 2025\/26 (Erstauflage 01.06.2025)<\/a><\/p>\n\n\n\n<p><a href=\"https:\/\/lehramt-salzburg.at\/oeh-phs\/wp-content\/uploads\/sites\/2\/2026\/03\/JVA-Referatsbezogen-26022026-Entwurf.pdf\">Wirtschaftsjahr 2025\/26 (Erstauflage 26.02.2026) (Einsicht)<\/a><\/p>\n\n\n\n<h3 class=\"wp-block-heading\"><strong>T\u00e4tigkeitsbericht<\/strong><\/h3>\n\n\n\n<p><a href=\"https:\/\/lehramt-salzburg.at\/oeh-phs\/wp-content\/uploads\/sites\/2\/2025\/10\/24_25_Taetigkeitsbericht.pdf\">T\u00e4tigkeitsbericht 2024-25<\/a><\/p>\n\n\n\n<p><a href=\"https:\/\/lehramt-salzburg.at\/oeh-phs\/wp-content\/uploads\/sites\/2\/2025\/10\/Taetigkeitsbericht23_24.pdf\">T\u00e4tigkeitsbericht 2023-24<\/a><\/p>\n\n\n\n<p><a href=\"https:\/\/lehramt-salzburg.at\/oeh-phs\/wp-content\/uploads\/sites\/2\/2023\/07\/Taetigkeitsbericht-22-23-PH-Salzburg.pdf\">T\u00e4tigkeitsbericht 2022-23<\/a><\/p>\n\n\n\n<p><a href=\"https:\/\/lehramt-salzburg.at\/oeh-phs\/wp-content\/uploads\/sites\/2\/2025\/10\/Taetigkeitsbericht21_22.pdf\">T\u00e4tigkeitsbericht 2021-22<\/a><\/p>\n\n\n\n<p><a href=\"https:\/\/lehramt-salzburg.at\/oeh-phs\/wp-content\/uploads\/sites\/2\/2021\/12\/Taetigkeitsbericht-2020-_21.pdf\">T\u00e4tigkeitsbericht 2020-21<\/a><\/p>\n\n\n\n<p><a href=\"https:\/\/lehramt-salzburg.at\/oeh-phs\/wp-content\/uploads\/sites\/2\/2021\/06\/0686_001.pdf\">T\u00e4tigkeitsbericht 2019-20<\/a><\/p>\n\n\n\n<p><a href=\"https:\/\/lehramt-salzburg.at\/oeh-phs\/wp-content\/uploads\/sites\/2\/2019\/07\/T\u00e4tigkeitsbericht-2018_19.pdf\">T\u00e4tigkeitsbericht 2018-19<\/a><\/p>\n\n\n\n<p><a href=\"https:\/\/lehramt-salzburg.at\/oeh-phs\/wp-content\/uploads\/sites\/2\/2019\/06\/T\u00e4tigkeitsbericht17-18.pdf\">T\u00e4tigkeitsbericht 2017-18<\/a><\/p>\n\n\n\n<p><a href=\"https:\/\/phsalzburg-my.sharepoint.com\/personal\/vorsitz-hv_phsalzburg_ac_at\/_layouts\/15\/guestaccess.aspx?docid=0f46250cf97bb4745af10d4d33ee2f070&amp;authkey=AbNQdYazdHdl7mHUFQ88vkE\" target=\"_blank\" rel=\"noopener noreferrer\">T\u00e4tigkeitsbericht 2016-17<\/a><\/p>\n\n\n\n<h3 class=\"wp-block-heading\"><strong>Jahresabschluss<\/strong><\/h3>\n\n\n\n<p><a href=\"https:\/\/lehramt-salzburg.at\/oeh-phs\/wp-content\/uploads\/sites\/2\/2025\/10\/Jahresabschluss-2023_24.pdf\">Wirtschaftsjahr 2023\/24<\/a><\/p>\n\n\n\n<p><a href=\"https:\/\/lehramt-salzburg.at\/oeh-phs\/wp-content\/uploads\/sites\/2\/2024\/01\/Pruefungsbericht-2022-23.pdf\">Wirtschaftsjahr 2022\/23<\/a><\/p>\n\n\n\n<p><a href=\"https:\/\/lehramt-salzburg.at\/oeh-phs\/wp-content\/uploads\/sites\/2\/2024\/01\/Pruefungsbericht-2021-22.pdf\">Wirtschaftsjahr 2021\/22<\/a><\/p>\n\n\n\n<p><a href=\"http:\/\/www.lehramt-salzburg.at\/wp-content\/uploads\/2022\/pruefbericht2021.PDF\">Wirtschaftsjahr 2020\/21<\/a><\/p>\n\n\n\n<p><a href=\"https:\/\/lehramt-salzburg.at\/oeh-phs\/wp-content\/uploads\/sites\/2\/2021\/06\/Pruefungsbericht2019-20.pdf\">Wirtschaftsjahr 2019\/20<\/a><\/p>\n\n\n\n<p><a href=\"https:\/\/lehramt-salzburg.at\/oeh-phs\/wp-content\/uploads\/sites\/2\/2020\/01\/Pr\u00fcfungsbericht.pdf\">Wirtschaftsjahr 2018\/19<\/a><\/p>\n\n\n\n<p><a href=\"https:\/\/lehramt-salzburg.at\/oeh-phs\/wp-content\/uploads\/sites\/2\/2019\/05\/JAbschluss-2017_18.pdf\">Wirtschaftsjahr 2017\/18<\/a><\/p>\n\n\n\n<p><a href=\"https:\/\/lehramt-salzburg.at\/oeh-phs\/wp-content\/uploads\/sites\/2\/2018\/03\/Jahresabschluss-2016-17-gepr\u00fcft.pdf\">Wirtschaftsjahr 2016\/17<\/a><\/p>\n\n\n\n<h3 class=\"wp-block-heading\"><strong>Hochsch\u00fclerinnen und Hochsch\u00fclerschaftsgesetz 2014<\/strong><\/h3>\n\n\n\n<p><a href=\"https:\/\/www.ris.bka.gv.at\/GeltendeFassung.wxe?Abfrage=Bundesnormen&amp;Gesetzesnummer=20008892\" target=\"_blank\" rel=\"noopener noreferrer\">HSG 2014<\/a><\/p>\n\n\n\n<h3 class=\"wp-block-heading\"><strong>Hochschulgesetz 2005 (HG)<\/strong><\/h3>\n\n\n\n<p><a href=\"https:\/\/www.ris.bka.gv.at\/GeltendeFassung.wxe?Abfrage=Bundesnormen&amp;Gesetzesnummer=20004626\" target=\"_blank\" rel=\"noopener noreferrer\">Hochschulgesetz 2005<\/a><\/p>\n\n\n\n<h3 class=\"wp-block-heading\"><strong>Curricula, Pr\u00fcfungsordnung<\/strong><\/h3>\n\n\n\n<p>Die aktuellen Curricula und Pr\u00fcfungsordnungen findet ihr <a href=\"http:\/\/www.phsalzburg.at\/index.php?id=340\" target=\"_blank\" rel=\"noopener noreferrer\">hier<\/a>.<\/p>\n\n\n\n<h3 class=\"wp-block-heading\"><strong>Downloads f\u00fcr STV\/HV Mitglieder<\/strong><\/h3>\n\n\n\n<p><a href=\"https:\/\/lehramt-salzburg.at\/oeh-phs\/wp-content\/uploads\/sites\/2\/2018\/01\/Refundierungsantrag-PH-Salzburg-012018.pdf\">Antrag f\u00fcr bereits bezahlte Rechnungen (Refundierung)<\/a><\/p>\n\n\n\n<p><a href=\"https:\/\/lehramt-salzburg.at\/oeh-phs\/wp-content\/uploads\/sites\/2\/2018\/01\/Antrag-bezahlung-offener-Rechnungen-PH-012018.pdf\">Antrag f\u00fcr die Bezahlung offener Rechnungen<\/a><\/p>\n\n\n\n<h3 class=\"wp-block-heading\"><strong>Offenlegung gem. \u00a7 39 Abs. 1 HSG 2014<\/strong><\/h3>\n\n\n\n<p><a href=\"https:\/\/lehramt-salzburg.at\/oeh-phs\/wp-content\/uploads\/sites\/2\/2025\/10\/Offenlegung-2023-24-im-vgl.-zu-2024-25.pdf\">2023-24 im vgl. zu 2024-25<\/a><\/p>\n\n\n\n<p><a href=\"https:\/\/lehramt-salzburg.at\/oeh-phs\/wp-content\/uploads\/sites\/2\/2025\/10\/Offenlegung-2022-23-im-vgl.-zu-2023-24.pdf\">2022-23 im vgl. zu 2023-24<\/a><\/p>\n\n\n\n<p><a href=\"https:\/\/lehramt-salzburg.at\/oeh-phs\/wp-content\/uploads\/sites\/2\/2023\/07\/offenlegung-gem-hsg-22-23.pdf\">2021-22 im vgl. zu 2022-23<\/a><\/p>\n\n\n\n<p><a href=\"https:\/\/lehramt-salzburg.at\/oeh-phs\/wp-content\/uploads\/sites\/2\/2022\/07\/AE-Auflistung-2021_22-nach-Funktionen.xlsx\">2020-21 im vgl. zu 2021-22<\/a><\/p>\n\n\n\n<h1 class=\"wp-block-heading\">Archivdaten:<\/h1>\n\n\n\n<h3 class=\"wp-block-heading\"><strong>Protokolle aller ordentlichen Sitzungen<\/strong> <strong>2016\/17<\/strong><\/h3>\n\n\n\n<p><a href=\"https:\/\/phsalzburg-my.sharepoint.com\/personal\/vorsitz-hv_phsalzburg_ac_at\/_layouts\/15\/guestaccess.aspx?docid=0898e069d42c144d180da6c58ebb3ca98&amp;authkey=AQ6unfLaW_V5TFGyyWAxsa0\" target=\"_blank\" rel=\"noopener noreferrer\">1. Sitzung<\/a><\/p>\n\n\n\n<p><a href=\"https:\/\/phsalzburg-my.sharepoint.com\/personal\/vorsitz-hv_phsalzburg_ac_at\/_layouts\/15\/guestaccess.aspx?docid=00ef4d94ea21e476aba6dc2e64292ac00&amp;authkey=ATOc1WxzrbC6xsPg6rvmBLo\" target=\"_blank\" rel=\"noopener noreferrer\">2. Sitzung<\/a><\/p>\n\n\n\n<p><a href=\"https:\/\/phsalzburg-my.sharepoint.com\/personal\/vorsitz-hv_phsalzburg_ac_at\/_layouts\/15\/guestaccess.aspx?docid=0942b0bef3eee41979583e2eaa61e1c70&amp;authkey=AT3EJi2GfD1uQ868wV_BrRc\" target=\"_blank\" rel=\"noopener noreferrer\">3. Sitzung<\/a><\/p>\n\n\n\n<h3 class=\"wp-block-heading\"><strong>Jahresabschluss<\/strong><\/h3>\n\n\n\n<p><a href=\"https:\/\/phsalzburg-my.sharepoint.com\/personal\/vorsitz-hv_phsalzburg_ac_at\/_layouts\/15\/guestaccess.aspx?docid=08f62f506aeca4133818457d4bd9fe22a&amp;authkey=ARDnFuvhpm1inSqvuAtqmE4\" target=\"_blank\" rel=\"noopener noreferrer\">Wirtschaftsjahr 2015\/16<\/a><\/p>\n\n\n\n<p><\/p>\n\n\n\n<p><\/p>\n","protected":false},"excerpt":{"rendered":"<p>Formulare KFZ Refundierung Refundierung bereits bezahlter Rechnungen \u00dcberweisung offener Rechnungen Satzung der \u00d6H PH Salzburg Satzung der \u00d6H PH Salzburg (Stand: 19.05.2022) (veraltet) Satzung der \u00d6H PH Salzburg (Stand: 30.06.2023) (veraltet) Satzung der \u00d6H PH Salzburg (Stand: 07.11.2025) (aktuell) Finanzgebarung \u00d6H PH Salzburg Finanzgebarung der \u00d6H PH Salzburg (Stand: 07.11.2025) (aktuell) Protokolle aller Sitzungen 2025\/26 [&hellip;]<\/p>\n","protected":false},"author":1,"featured_media":0,"parent":216,"menu_order":0,"comment_status":"closed","ping_status":"closed","template":"","meta":{"tdm_status":"","tdm_grid_status":"","footnotes":""},"class_list":["post-220","page","type-page","status-publish"],"jetpack_sharing_enabled":true,"jetpack_shortlink":"https:\/\/wp.me\/P92EUo-3y","_links":{"self":[{"href":"https:\/\/lehramt-salzburg.at\/oeh-phs\/wp-json\/wp\/v2\/pages\/220","targetHints":{"allow":["GET"]}}],"collection":[{"href":"https:\/\/lehramt-salzburg.at\/oeh-phs\/wp-json\/wp\/v2\/pages"}],"about":[{"href":"https:\/\/lehramt-salzburg.at\/oeh-phs\/wp-json\/wp\/v2\/types\/page"}],"author":[{"embeddable":true,"href":"https:\/\/lehramt-salzburg.at\/oeh-phs\/wp-json\/wp\/v2\/users\/1"}],"replies":[{"embeddable":true,"href":"https:\/\/lehramt-salzburg.at\/oeh-phs\/wp-json\/wp\/v2\/comments?post=220"}],"version-history":[{"count":80,"href":"https:\/\/lehramt-salzburg.at\/oeh-phs\/wp-json\/wp\/v2\/pages\/220\/revisions"}],"predecessor-version":[{"id":2781,"href":"https:\/\/lehramt-salzburg.at\/oeh-phs\/wp-json\/wp\/v2\/pages\/220\/revisions\/2781"}],"up":[{"embeddable":true,"href":"https:\/\/lehramt-salzburg.at\/oeh-phs\/wp-json\/wp\/v2\/pages\/216"}],"wp:attachment":[{"href":"https:\/\/lehramt-salzburg.at\/oeh-phs\/wp-json\/wp\/v2\/media?parent=220"}],"curies":[{"name":"wp","href":"https:\/\/api.w.org\/{rel}","templated":true}]}}