{"id":2771,"date":"2026-03-17T17:19:43","date_gmt":"2026-03-17T16:19:43","guid":{"rendered":"https:\/\/lehramt-salzburg.at\/oeh-phs\/?page_id=2771"},"modified":"2026-03-17T17:19:43","modified_gmt":"2026-03-17T16:19:43","slug":"studo-alles-bleibt-beim-alten","status":"publish","type":"page","link":"https:\/\/lehramt-salzburg.at\/oeh-phs\/studo-alles-bleibt-beim-alten\/","title":{"rendered":"Studo &#8211; alles bleibt beim Alten"},"content":{"rendered":"\n<figure class=\"wp-block-image\" id=\"block-1a6df0c6-ee4d-414e-896d-d0f0f073cb19\"><img decoding=\"async\" src=\"https:\/\/lehramt-salzburg.at\/oeh-phs\/wp-content\/uploads\/sites\/2\/2024\/03\/studo.png\" alt=\"Dieses Bild hat ein leeres Alt-Attribut. Der Dateiname ist studo.png\"\/><\/figure>\n\n\n\n<p>Viele von euch nutzen Studo gerne, oft und \u00fcberall. Wir als HV kommen gemeinsam mit dem Rektorat der PH Salzburg daf\u00fcr auf, damit ihr alle die Vollversion im Studium kostenfrei nutzen k\u00f6nnt. Diese Kooperation mit Studo haben wir Anfang M\u00e4rz erneuert und gleichzeitig auch die automatische Freischaltung (die bisher per Code passierte) der PRO-Version eingef\u00fchrt.<\/p>\n\n\n\n<p>Daher ein Danke an das Rektorat und Studo &#8211; und f\u00fcr euch \u00e4ndert sich (fast) nichts!<\/p>\n","protected":false},"excerpt":{"rendered":"<p>Viele von euch nutzen Studo gerne, oft und \u00fcberall. Wir als HV kommen gemeinsam mit dem Rektorat der PH Salzburg daf\u00fcr auf, damit ihr alle die Vollversion im Studium kostenfrei nutzen k\u00f6nnt. Diese Kooperation mit Studo haben wir Anfang M\u00e4rz erneuert und gleichzeitig auch die automatische Freischaltung (die bisher per Code passierte) der PRO-Version eingef\u00fchrt. [&hellip;]<\/p>\n","protected":false},"author":3,"featured_media":0,"parent":0,"menu_order":0,"comment_status":"closed","ping_status":"closed","template":"","meta":{"jetpack_post_was_ever_published":false,"tdm_status":"","tdm_grid_status":"","footnotes":""},"class_list":["post-2771","page","type-page","status-publish"],"jetpack_sharing_enabled":true,"jetpack_shortlink":"https:\/\/wp.me\/P92EUo-IH","_links":{"self":[{"href":"https:\/\/lehramt-salzburg.at\/oeh-phs\/wp-json\/wp\/v2\/pages\/2771","targetHints":{"allow":["GET"]}}],"collection":[{"href":"https:\/\/lehramt-salzburg.at\/oeh-phs\/wp-json\/wp\/v2\/pages"}],"about":[{"href":"https:\/\/lehramt-salzburg.at\/oeh-phs\/wp-json\/wp\/v2\/types\/page"}],"author":[{"embeddable":true,"href":"https:\/\/lehramt-salzburg.at\/oeh-phs\/wp-json\/wp\/v2\/users\/3"}],"replies":[{"embeddable":true,"href":"https:\/\/lehramt-salzburg.at\/oeh-phs\/wp-json\/wp\/v2\/comments?post=2771"}],"version-history":[{"count":1,"href":"https:\/\/lehramt-salzburg.at\/oeh-phs\/wp-json\/wp\/v2\/pages\/2771\/revisions"}],"predecessor-version":[{"id":2772,"href":"https:\/\/lehramt-salzburg.at\/oeh-phs\/wp-json\/wp\/v2\/pages\/2771\/revisions\/2772"}],"wp:attachment":[{"href":"https:\/\/lehramt-salzburg.at\/oeh-phs\/wp-json\/wp\/v2\/media?parent=2771"}],"curies":[{"name":"wp","href":"https:\/\/api.w.org\/{rel}","templated":true}]}}