{"id":379,"date":"2018-04-04T15:41:41","date_gmt":"2018-04-04T13:41:41","guid":{"rendered":"https:\/\/lehramt-salzburg.at\/oeh-phs\/?page_id=379"},"modified":"2018-04-04T18:19:28","modified_gmt":"2018-04-04T16:19:28","slug":"mietberatung","status":"publish","type":"page","link":"https:\/\/lehramt-salzburg.at\/oeh-phs\/mietberatung\/","title":{"rendered":"Mietrechtsberatung"},"content":{"rendered":"<p><a href=\"https:\/\/lehramt-salzburg.at\/oeh-phs\/wp-content\/uploads\/sites\/2\/2018\/04\/ED4B3E71-CEB7-48BB-A2AF-D00987FCC841.jpeg\"><img loading=\"lazy\" decoding=\"async\" class=\"size-full wp-image-383 aligncenter\" src=\"https:\/\/lehramt-salzburg.at\/oeh-phs\/wp-content\/uploads\/sites\/2\/2018\/04\/ED4B3E71-CEB7-48BB-A2AF-D00987FCC841.jpeg\" alt=\"\" width=\"259\" height=\"310\" srcset=\"https:\/\/lehramt-salzburg.at\/oeh-phs\/wp-content\/uploads\/sites\/2\/2018\/04\/ED4B3E71-CEB7-48BB-A2AF-D00987FCC841.jpeg 259w, https:\/\/lehramt-salzburg.at\/oeh-phs\/wp-content\/uploads\/sites\/2\/2018\/04\/ED4B3E71-CEB7-48BB-A2AF-D00987FCC841-251x300.jpeg 251w\" sizes=\"auto, (max-width: 259px) 100vw, 259px\" \/><\/a>Mieten, wohnen, Mieterschutz?<\/p>\n<p>Gerade im Studium f\u00e4llt h\u00e4ufig die erste eigene Wohnung an, WG-Leben oder das Wohnen in einer fremden Stadt. Egal ob Fragen zum Mietvertrag, Probleme mit dem Vermieter, Probleme beim Auszug oder rechtliche Fragen zum Thema Mieten und Wohnen:<\/p>\n<p><a href=\"https:\/\/lehramt-salzburg.at\/oeh-phs\/wp-content\/uploads\/sites\/2\/2018\/04\/30124920_1676170782448493_321401698864602814_n.jpg\"><img loading=\"lazy\" decoding=\"async\" class=\"size-medium wp-image-386 aligncenter\" src=\"https:\/\/lehramt-salzburg.at\/oeh-phs\/wp-content\/uploads\/sites\/2\/2018\/04\/30124920_1676170782448493_321401698864602814_n-225x300.jpg\" alt=\"\" width=\"225\" height=\"300\" srcset=\"https:\/\/lehramt-salzburg.at\/oeh-phs\/wp-content\/uploads\/sites\/2\/2018\/04\/30124920_1676170782448493_321401698864602814_n-225x300.jpg 225w, https:\/\/lehramt-salzburg.at\/oeh-phs\/wp-content\/uploads\/sites\/2\/2018\/04\/30124920_1676170782448493_321401698864602814_n-696x928.jpg 696w, https:\/\/lehramt-salzburg.at\/oeh-phs\/wp-content\/uploads\/sites\/2\/2018\/04\/30124920_1676170782448493_321401698864602814_n-315x420.jpg 315w, https:\/\/lehramt-salzburg.at\/oeh-phs\/wp-content\/uploads\/sites\/2\/2018\/04\/30124920_1676170782448493_321401698864602814_n.jpg 720w\" sizes=\"auto, (max-width: 225px) 100vw, 225px\" \/><\/a><\/p>\n<p>Mit dem \u00d6H PH Salzburg Mietberatungsservice kannst du gratis die Mietberatung des Mieterschutzbund Salzburg in Anspruch nehmen.<\/p>\n<ol>\n<li>Im HV B\u00fcro bekommst du deine Best\u00e4tigung f\u00fcr die Kosten\u00fcbernahme. Schreib uns einfach eine kurze Mail oder schau direkt im B\u00fcro vorbei.<\/li>\n<li>Mit der Best\u00e4tigung kannst du beim <a href=\"http:\/\/www.mieterschutzverband.at\/index.php?page=293\">Mieterschutzverband Salzburg<\/a> einen individuellen Termin ausmachen.<\/li>\n<li>Die Best\u00e4tigung und der Studierendenausweis ist mitzunehmen als Nachweis.<\/li>\n<li>Sollten in Extremf\u00e4llen Folgetermine notwendig sein, melde dich bei uns.<\/li>\n<\/ol>\n<p>&nbsp;<\/p>\n<p>F\u00fcr weitere Infos zum Services:<\/p>\n<p><a href=\"http:\/\/www.mieterschutzverband.at\/index.php?page=293\"><img loading=\"lazy\" decoding=\"async\" class=\"alignnone wp-image-380 size-full\" src=\"https:\/\/lehramt-salzburg.at\/oeh-phs\/wp-content\/uploads\/sites\/2\/2018\/04\/34829481-516E-413F-B13B-0A93CF76BE8D.jpeg\" alt=\"\" width=\"300\" height=\"300\" srcset=\"https:\/\/lehramt-salzburg.at\/oeh-phs\/wp-content\/uploads\/sites\/2\/2018\/04\/34829481-516E-413F-B13B-0A93CF76BE8D.jpeg 300w, https:\/\/lehramt-salzburg.at\/oeh-phs\/wp-content\/uploads\/sites\/2\/2018\/04\/34829481-516E-413F-B13B-0A93CF76BE8D-150x150.jpeg 150w\" sizes=\"auto, (max-width: 300px) 100vw, 300px\" \/><\/a><\/p>\n","protected":false},"excerpt":{"rendered":"<p>Mieten, wohnen, Mieterschutz? Gerade im Studium f\u00e4llt h\u00e4ufig die erste eigene Wohnung an, WG-Leben oder das Wohnen in einer fremden Stadt. Egal ob Fragen zum Mietvertrag, Probleme mit dem Vermieter, Probleme beim Auszug oder rechtliche Fragen zum Thema Mieten und Wohnen: Mit dem \u00d6H PH Salzburg Mietberatungsservice kannst du gratis die Mietberatung des Mieterschutzbund Salzburg [&hellip;]<\/p>\n","protected":false},"author":3,"featured_media":0,"parent":0,"menu_order":0,"comment_status":"closed","ping_status":"closed","template":"","meta":{"jetpack_post_was_ever_published":false,"tdm_status":"","tdm_grid_status":"","footnotes":""},"class_list":["post-379","page","type-page","status-publish"],"jetpack_sharing_enabled":true,"jetpack_shortlink":"https:\/\/wp.me\/P92EUo-67","_links":{"self":[{"href":"https:\/\/lehramt-salzburg.at\/oeh-phs\/wp-json\/wp\/v2\/pages\/379","targetHints":{"allow":["GET"]}}],"collection":[{"href":"https:\/\/lehramt-salzburg.at\/oeh-phs\/wp-json\/wp\/v2\/pages"}],"about":[{"href":"https:\/\/lehramt-salzburg.at\/oeh-phs\/wp-json\/wp\/v2\/types\/page"}],"author":[{"embeddable":true,"href":"https:\/\/lehramt-salzburg.at\/oeh-phs\/wp-json\/wp\/v2\/users\/3"}],"replies":[{"embeddable":true,"href":"https:\/\/lehramt-salzburg.at\/oeh-phs\/wp-json\/wp\/v2\/comments?post=379"}],"version-history":[{"count":4,"href":"https:\/\/lehramt-salzburg.at\/oeh-phs\/wp-json\/wp\/v2\/pages\/379\/revisions"}],"predecessor-version":[{"id":389,"href":"https:\/\/lehramt-salzburg.at\/oeh-phs\/wp-json\/wp\/v2\/pages\/379\/revisions\/389"}],"wp:attachment":[{"href":"https:\/\/lehramt-salzburg.at\/oeh-phs\/wp-json\/wp\/v2\/media?parent=379"}],"curies":[{"name":"wp","href":"https:\/\/api.w.org\/{rel}","templated":true}]}}