{"id":526,"date":"2019-03-02T14:23:49","date_gmt":"2019-03-02T13:23:49","guid":{"rendered":"https:\/\/lehramt-salzburg.at\/oeh-phs\/?page_id=526"},"modified":"2021-10-22T17:32:51","modified_gmt":"2021-10-22T15:32:51","slug":"mensa-karte","status":"publish","type":"page","link":"https:\/\/lehramt-salzburg.at\/oeh-phs\/mensa-karte\/","title":{"rendered":"Mensa-Karte"},"content":{"rendered":"\n<p>Mit der KaPHee-Card bekommst in der Mensa 1\u20ac Rabatt auf das Mittagsmen\u00fc. Damit sparst du bares Geld jeden Mittag.<\/p>\n\n\n\n<p>Wo gibt es die KaPHee-Card?<br>Zu Semesterbeginn bei uns im HV B\u00fcro<\/p>\n\n\n\n<p>F\u00fcr wen gibt es die KaPHee-Card?<br>Wenn du Studienbeihilfe beziehst, oder Selbsterhalterstipendium, oder unterschreibst, dass du weniger als 200\u20ac im Monat f\u00fcr Lebensmittel zur Verf\u00fcgung hast, bekommst du die KaPHee-Card.<\/p>\n\n\n\n<figure class=\"wp-block-image\"><img loading=\"lazy\" decoding=\"async\" width=\"300\" height=\"199\" src=\"https:\/\/lehramt-salzburg.at\/oeh-phs\/wp-content\/uploads\/sites\/2\/2019\/03\/Kaphee-Card-SoSe-19-Vorderseite-300x199.png\" alt=\"\" class=\"wp-image-527\" srcset=\"https:\/\/lehramt-salzburg.at\/oeh-phs\/wp-content\/uploads\/sites\/2\/2019\/03\/Kaphee-Card-SoSe-19-Vorderseite-300x199.png 300w, https:\/\/lehramt-salzburg.at\/oeh-phs\/wp-content\/uploads\/sites\/2\/2019\/03\/Kaphee-Card-SoSe-19-Vorderseite-768x509.png 768w, https:\/\/lehramt-salzburg.at\/oeh-phs\/wp-content\/uploads\/sites\/2\/2019\/03\/Kaphee-Card-SoSe-19-Vorderseite-1024x679.png 1024w, https:\/\/lehramt-salzburg.at\/oeh-phs\/wp-content\/uploads\/sites\/2\/2019\/03\/Kaphee-Card-SoSe-19-Vorderseite-696x462.png 696w, https:\/\/lehramt-salzburg.at\/oeh-phs\/wp-content\/uploads\/sites\/2\/2019\/03\/Kaphee-Card-SoSe-19-Vorderseite-633x420.png 633w, https:\/\/lehramt-salzburg.at\/oeh-phs\/wp-content\/uploads\/sites\/2\/2019\/03\/Kaphee-Card-SoSe-19-Vorderseite.png 1051w\" sizes=\"auto, (max-width: 300px) 100vw, 300px\" \/><\/figure>\n","protected":false},"excerpt":{"rendered":"<p>Mit der KaPHee-Card bekommst in der Mensa 1\u20ac Rabatt auf das Mittagsmen\u00fc. Damit sparst du bares Geld jeden Mittag. Wo gibt es die KaPHee-Card?Zu Semesterbeginn bei uns im HV B\u00fcro F\u00fcr wen gibt es die KaPHee-Card?Wenn du Studienbeihilfe beziehst, oder Selbsterhalterstipendium, oder unterschreibst, dass du weniger als 200\u20ac im Monat f\u00fcr Lebensmittel zur Verf\u00fcgung hast, [&hellip;]<\/p>\n","protected":false},"author":3,"featured_media":0,"parent":0,"menu_order":0,"comment_status":"closed","ping_status":"closed","template":"","meta":{"jetpack_post_was_ever_published":false,"tdm_status":"","tdm_grid_status":"","footnotes":""},"class_list":["post-526","page","type-page","status-publish"],"jetpack_sharing_enabled":true,"jetpack_shortlink":"https:\/\/wp.me\/P92EUo-8u","_links":{"self":[{"href":"https:\/\/lehramt-salzburg.at\/oeh-phs\/wp-json\/wp\/v2\/pages\/526","targetHints":{"allow":["GET"]}}],"collection":[{"href":"https:\/\/lehramt-salzburg.at\/oeh-phs\/wp-json\/wp\/v2\/pages"}],"about":[{"href":"https:\/\/lehramt-salzburg.at\/oeh-phs\/wp-json\/wp\/v2\/types\/page"}],"author":[{"embeddable":true,"href":"https:\/\/lehramt-salzburg.at\/oeh-phs\/wp-json\/wp\/v2\/users\/3"}],"replies":[{"embeddable":true,"href":"https:\/\/lehramt-salzburg.at\/oeh-phs\/wp-json\/wp\/v2\/comments?post=526"}],"version-history":[{"count":2,"href":"https:\/\/lehramt-salzburg.at\/oeh-phs\/wp-json\/wp\/v2\/pages\/526\/revisions"}],"predecessor-version":[{"id":959,"href":"https:\/\/lehramt-salzburg.at\/oeh-phs\/wp-json\/wp\/v2\/pages\/526\/revisions\/959"}],"wp:attachment":[{"href":"https:\/\/lehramt-salzburg.at\/oeh-phs\/wp-json\/wp\/v2\/media?parent=526"}],"curies":[{"name":"wp","href":"https:\/\/api.w.org\/{rel}","templated":true}]}}